{"id":392,"date":"2021-04-16T13:08:46","date_gmt":"2021-04-16T13:08:46","guid":{"rendered":"https:\/\/alpaca.loftocean.com\/demo5\/?page_id=392"},"modified":"2021-06-23T01:54:38","modified_gmt":"2021-06-22T23:54:38","slug":"contact-us","status":"publish","type":"page","link":"https:\/\/intelligencia.tech\/?page_id=392","title":{"rendered":"Contactez-nous"},"content":{"rendered":"\n<ul class=\"wp-block-list\" id=\"block-5764c643-e8cb-4b99-b8bd-1b3234138f96\"><li>.Besoin d&rsquo;aide pour faire vos achats ou avez des questions concernant nos produits ? Veuillez envoyer vos questions \u00e0 sales@intelligencia.tech<\/li><\/ul>\n\n\n\n<h4 class=\"wp-block-heading\" id=\"block-a9dd37c4-9921-4cc9-b051-1b1ca17e38ca\">Questions g\u00e9n\u00e9rales sur les articles&nbsp;? Veuillez envoyer votre message via le formulaire ci-dessous<\/h4>\n\n\n<div role=\"form\" class=\"wpcf7\" id=\"wpcf7-f631-o1\" lang=\"fr-FR\" dir=\"ltr\">\n<div class=\"screen-reader-response\"><p role=\"status\" aria-live=\"polite\" aria-atomic=\"true\"><\/p> <ul><\/ul><\/div>\n<form action=\"\/index.php?rest_route=%2Fwp%2Fv2%2Fpages%2F392#wpcf7-f631-o1\" method=\"post\" class=\"wpcf7-form init\" novalidate=\"novalidate\" data-status=\"init\">\n<div style=\"display: none;\">\n<input type=\"hidden\" name=\"_wpcf7\" value=\"631\" \/>\n<input type=\"hidden\" name=\"_wpcf7_version\" value=\"5.4.1\" \/>\n<input type=\"hidden\" name=\"_wpcf7_locale\" value=\"fr_FR\" \/>\n<input type=\"hidden\" name=\"_wpcf7_unit_tag\" value=\"wpcf7-f631-o1\" \/>\n<input type=\"hidden\" name=\"_wpcf7_container_post\" value=\"0\" \/>\n<input type=\"hidden\" name=\"_wpcf7_posted_data_hash\" value=\"\" \/>\n<\/div>\n<p><label> Votre Noms<br \/>\n    <span class=\"wpcf7-form-control-wrap your-name\"><input type=\"text\" name=\"your-name\" value=\"\" size=\"40\" class=\"wpcf7-form-control wpcf7-text wpcf7-validates-as-required\" aria-required=\"true\" aria-invalid=\"false\" \/><\/span> <\/label><\/p>\n<p><label> Votre e-mail<br \/>\n    <span class=\"wpcf7-form-control-wrap your-email\"><input type=\"email\" name=\"your-email\" value=\"\" size=\"40\" class=\"wpcf7-form-control wpcf7-text wpcf7-email wpcf7-validates-as-required wpcf7-validates-as-email\" aria-required=\"true\" aria-invalid=\"false\" \/><\/span> <\/label><\/p>\n<p><label> Objet<br \/>\n    <span class=\"wpcf7-form-control-wrap your-subject\"><input type=\"text\" name=\"your-subject\" value=\"\" size=\"40\" class=\"wpcf7-form-control wpcf7-text wpcf7-validates-as-required\" aria-required=\"true\" aria-invalid=\"false\" \/><\/span> <\/label><\/p>\n<p><label> Votre message (facultatif)<br \/>\n    <span class=\"wpcf7-form-control-wrap your-message\"><textarea name=\"your-message\" cols=\"40\" rows=\"10\" class=\"wpcf7-form-control wpcf7-textarea\" aria-invalid=\"false\"><\/textarea><\/span> <\/label><\/p>\n<p><input type=\"submit\" value=\"Envoyer\" class=\"wpcf7-form-control wpcf7-submit\" \/><\/p>\n<div class=\"wpcf7-response-output\" aria-hidden=\"true\"><\/div><\/form><\/div>\n","protected":false},"excerpt":{"rendered":"<p>.Besoin d&rsquo;aide pour faire vos achats ou avez des questions concernant nos produits ? Veuillez envoyer vos questions \u00e0 sales@intelligencia.tech Questions g\u00e9n\u00e9rales sur les articles&nbsp;? Veuillez envoyer votre message via le formulaire ci-dessous<\/p>\n","protected":false},"author":1,"featured_media":539,"parent":0,"menu_order":0,"comment_status":"closed","ping_status":"closed","template":"","meta":{"_monsterinsights_skip_tracking":false,"_monsterinsights_sitenote_active":false,"_monsterinsights_sitenote_note":"","_monsterinsights_sitenote_category":0,"alpaca_page_layout":"","alpaca_hide_before_page_content_ad":"","alpaca_hide_after_page_content_ad":"","alpaca_hide_page_header":"","alpaca_page_sub_title":"Si vous essayez de joindre l'\u00e9quipe Intelligencia Tech Solutions, vous \u00eates au bon endroit.","alpaca_advanced_classname":"","footnotes":""},"class_list":["post-392","page","type-page","status-publish","has-post-thumbnail","hentry"],"yoast_head":"<!-- This site is optimized with the Yoast SEO plugin v16.4 - https:\/\/yoast.com\/wordpress\/plugins\/seo\/ -->\n<title>Contactez-nous - Intelligencia Tech Solutions<\/title>\n<meta name=\"robots\" content=\"noindex, follow, max-snippet:-1, max-image-preview:large, max-video-preview:-1\" \/>\n<meta property=\"og:locale\" content=\"fr_FR\" \/>\n<meta property=\"og:type\" content=\"article\" \/>\n<meta property=\"og:title\" content=\"Contactez-nous - Intelligencia Tech Solutions\" \/>\n<meta property=\"og:description\" content=\".Besoin d&rsquo;aide pour faire vos achats ou avez des questions concernant nos produits ? Veuillez envoyer vos questions \u00e0 sales@intelligencia.tech Questions g\u00e9n\u00e9rales sur les articles&nbsp;? Veuillez envoyer votre message via le formulaire ci-dessous\" \/>\n<meta property=\"og:url\" content=\"https:\/\/intelligencia.tech\/?page_id=392\" \/>\n<meta property=\"og:site_name\" content=\"Intelligencia Tech Solutions\" \/>\n<meta property=\"article:modified_time\" content=\"2021-06-22T23:54:38+00:00\" \/>\n<meta property=\"og:image\" content=\"http:\/\/intelligencia.tech\/wp-content\/uploads\/2021\/06\/customer-support-hotline-people-connect-phone-application-contact-us-man-cellphone-1024x484-2.jpeg\" \/>\n\t<meta property=\"og:image:width\" content=\"1024\" \/>\n\t<meta property=\"og:image:height\" content=\"484\" \/>\n<meta name=\"twitter:card\" content=\"summary_large_image\" \/>\n<meta name=\"twitter:label1\" content=\"Dur\u00e9e de lecture est.\" \/>\n\t<meta name=\"twitter:data1\" content=\"1 minute\" \/>\n<script type=\"application\/ld+json\" class=\"yoast-schema-graph\">{\"@context\":\"https:\/\/schema.org\",\"@graph\":[{\"@type\":\"WebSite\",\"@id\":\"https:\/\/intelligencia.tech\/#website\",\"url\":\"https:\/\/intelligencia.tech\/\",\"name\":\"Intelligencia Tech Solutions\",\"description\":\"Innovation is yours\",\"potentialAction\":[{\"@type\":\"SearchAction\",\"target\":\"https:\/\/intelligencia.tech\/?s={search_term_string}\",\"query-input\":\"required name=search_term_string\"}],\"inLanguage\":\"fr-FR\"},{\"@type\":\"ImageObject\",\"@id\":\"https:\/\/intelligencia.tech\/?page_id=392#primaryimage\",\"inLanguage\":\"fr-FR\",\"url\":\"https:\/\/intelligencia.tech\/wp-content\/uploads\/2021\/06\/customer-support-hotline-people-connect-phone-application-contact-us-man-cellphone-1024x484-2.jpeg\",\"contentUrl\":\"https:\/\/intelligencia.tech\/wp-content\/uploads\/2021\/06\/customer-support-hotline-people-connect-phone-application-contact-us-man-cellphone-1024x484-2.jpeg\",\"width\":1024,\"height\":484,\"caption\":\"(Customer Support Hotline people CONNECT ) phone application CONTACT US man cellphone\"},{\"@type\":\"WebPage\",\"@id\":\"https:\/\/intelligencia.tech\/?page_id=392#webpage\",\"url\":\"https:\/\/intelligencia.tech\/?page_id=392\",\"name\":\"Contactez-nous - Intelligencia Tech Solutions\",\"isPartOf\":{\"@id\":\"https:\/\/intelligencia.tech\/#website\"},\"primaryImageOfPage\":{\"@id\":\"https:\/\/intelligencia.tech\/?page_id=392#primaryimage\"},\"datePublished\":\"2021-04-16T13:08:46+00:00\",\"dateModified\":\"2021-06-22T23:54:38+00:00\",\"breadcrumb\":{\"@id\":\"https:\/\/intelligencia.tech\/?page_id=392#breadcrumb\"},\"inLanguage\":\"fr-FR\",\"potentialAction\":[{\"@type\":\"ReadAction\",\"target\":[\"https:\/\/intelligencia.tech\/?page_id=392\"]}]},{\"@type\":\"BreadcrumbList\",\"@id\":\"https:\/\/intelligencia.tech\/?page_id=392#breadcrumb\",\"itemListElement\":[{\"@type\":\"ListItem\",\"position\":1,\"item\":{\"@id\":\"https:\/\/intelligencia.tech\/?page_id=392#webpage\"}}]},{\"@type\":\"Person\",\"@id\":\"https:\/\/intelligencia.tech\/#\/schema\/person\/e0df62b26a5732ddf5c06bfa18de3d89\",\"name\":\"marlotkunda\",\"image\":{\"@type\":\"ImageObject\",\"@id\":\"https:\/\/intelligencia.tech\/#personlogo\",\"inLanguage\":\"fr-FR\",\"url\":\"https:\/\/secure.gravatar.com\/avatar\/3f321e2d510b528f6abf452f65a4085ecf422e38bd5e14588097cd2753412c9c?s=96&d=mm&r=g\",\"contentUrl\":\"https:\/\/secure.gravatar.com\/avatar\/3f321e2d510b528f6abf452f65a4085ecf422e38bd5e14588097cd2753412c9c?s=96&d=mm&r=g\",\"caption\":\"marlotkunda\"},\"sameAs\":[\"http:\/\/intelligencia.tech\"],\"url\":\"https:\/\/intelligencia.tech\/?author=1\"}]}<\/script>\n<!-- \/ Yoast SEO plugin. -->","_links":{"self":[{"href":"https:\/\/intelligencia.tech\/index.php?rest_route=\/wp\/v2\/pages\/392","targetHints":{"allow":["GET"]}}],"collection":[{"href":"https:\/\/intelligencia.tech\/index.php?rest_route=\/wp\/v2\/pages"}],"about":[{"href":"https:\/\/intelligencia.tech\/index.php?rest_route=\/wp\/v2\/types\/page"}],"author":[{"embeddable":true,"href":"https:\/\/intelligencia.tech\/index.php?rest_route=\/wp\/v2\/users\/1"}],"replies":[{"embeddable":true,"href":"https:\/\/intelligencia.tech\/index.php?rest_route=%2Fwp%2Fv2%2Fcomments&post=392"}],"version-history":[{"count":4,"href":"https:\/\/intelligencia.tech\/index.php?rest_route=\/wp\/v2\/pages\/392\/revisions"}],"predecessor-version":[{"id":633,"href":"https:\/\/intelligencia.tech\/index.php?rest_route=\/wp\/v2\/pages\/392\/revisions\/633"}],"wp:featuredmedia":[{"embeddable":true,"href":"https:\/\/intelligencia.tech\/index.php?rest_route=\/wp\/v2\/media\/539"}],"wp:attachment":[{"href":"https:\/\/intelligencia.tech\/index.php?rest_route=%2Fwp%2Fv2%2Fmedia&parent=392"}],"curies":[{"name":"wp","href":"https:\/\/api.w.org\/{rel}","templated":true}]}}